{"id":501,"date":"2016-09-27T15:47:43","date_gmt":"2016-09-27T15:47:43","guid":{"rendered":"http:\/\/fitness2.mythemecloud.io\/?page_id=501"},"modified":"2023-10-25T07:12:18","modified_gmt":"2023-10-25T07:12:18","slug":"yazilar","status":"publish","type":"page","link":"https:\/\/bilgekonuralp.com\/index.php\/yazilar\/","title":{"rendered":"Programs"},"content":{"rendered":"\t\t<div data-elementor-type=\"wp-post\" data-elementor-id=\"501\" class=\"elementor elementor-501\">\n\t\t\t\t\t\t\t\t\t<section class=\"elementor-section elementor-top-section elementor-element elementor-element-1b74aac elementor-section-content-middle elementor-section-boxed elementor-section-height-default elementor-section-height-default\" data-id=\"1b74aac\" data-element_type=\"section\">\n\t\t\t\t\t\t<div class=\"elementor-container elementor-column-gap-default\">\n\t\t\t\t\t<div class=\"elementor-column elementor-col-50 elementor-top-column elementor-element elementor-element-941a5c2\" data-id=\"941a5c2\" data-element_type=\"column\">\n\t\t\t<div class=\"elementor-widget-wrap elementor-element-populated\">\n\t\t\t\t\t\t\t\t<div class=\"elementor-element elementor-element-d7e2f5e elementor-widget elementor-widget-heading\" data-id=\"d7e2f5e\" data-element_type=\"widget\" data-widget_type=\"heading.default\">\n\t\t\t\t<div class=\"elementor-widget-container\">\n\t\t\t<style>\/*! elementor - v3.16.0 - 17-10-2023 *\/\n.elementor-heading-title{padding:0;margin:0;line-height:1}.elementor-widget-heading .elementor-heading-title[class*=elementor-size-]>a{color:inherit;font-size:inherit;line-height:inherit}.elementor-widget-heading .elementor-heading-title.elementor-size-small{font-size:15px}.elementor-widget-heading .elementor-heading-title.elementor-size-medium{font-size:19px}.elementor-widget-heading .elementor-heading-title.elementor-size-large{font-size:29px}.elementor-widget-heading .elementor-heading-title.elementor-size-xl{font-size:39px}.elementor-widget-heading .elementor-heading-title.elementor-size-xxl{font-size:59px}<\/style><h2 class=\"elementor-heading-title elementor-size-default\">Kintsugi sanat\u0131 \u00fczerinden psikoterapi<\/h2>\t\t<\/div>\n\t\t\t\t<\/div>\n\t\t\t\t<div class=\"elementor-element elementor-element-410b3ba elementor-widget elementor-widget-text-editor\" data-id=\"410b3ba\" data-element_type=\"widget\" data-widget_type=\"text-editor.default\">\n\t\t\t\t<div class=\"elementor-widget-container\">\n\t\t\t<style>\/*! elementor - v3.16.0 - 17-10-2023 *\/\n.elementor-widget-text-editor.elementor-drop-cap-view-stacked .elementor-drop-cap{background-color:#69727d;color:#fff}.elementor-widget-text-editor.elementor-drop-cap-view-framed .elementor-drop-cap{color:#69727d;border:3px solid;background-color:transparent}.elementor-widget-text-editor:not(.elementor-drop-cap-view-default) .elementor-drop-cap{margin-top:8px}.elementor-widget-text-editor:not(.elementor-drop-cap-view-default) .elementor-drop-cap-letter{width:1em;height:1em}.elementor-widget-text-editor .elementor-drop-cap{float:left;text-align:center;line-height:1;font-size:50px}.elementor-widget-text-editor .elementor-drop-cap-letter{display:inline-block}<\/style>\t\t\t\t<p>Kintsugi, \u201ckin\u201d alt\u0131n ve \u201ctsugi\u201d birles\u0327tirmek kelimelerinin bir araya gelmesiyle ortaya c\u0327\u0131km\u0131s\u0327 tarihi 15. yy\u2019a dayanan bir Japon tamir sanat\u0131d\u0131r. Bu kelime parc\u0327alara ayr\u0131lm\u0131s\u0327 es\u0327yalar\u0131n alt\u0131n kullan\u0131larak bir araya getirildig\u0306i anlam\u0131n\u0131 tas\u0327\u0131yor. Bo\u0308ylece k\u0131r\u0131lm\u0131s\u0327 olan nesnelere yeni bir anlam ve amac\u0327 kazand\u0131r\u0131l\u0131yor.<br \/><br \/>Psikoterapi su\u0308recini belki de en gu\u0308zel sembolize eden sanat dallar\u0131ndan biri kintsugi. Bir insan\u0131n ruhsal su\u0308rec\u0327lerinde yas\u0327ad\u0131g\u0306\u0131 ketlenmeler, duraksamalar, semptomlar, hasarlar o kis\u0327inin ic\u0327 du\u0308nyas\u0131nda kaotik bir hal yarat\u0131r. Duygular\u0131n, du\u0308s\u0327u\u0308ncelerin, an\u0131lar\u0131n, arzular\u0131n, du\u0308s\u0327lerin, du\u0308s\u0327lemlerin k\u0131r\u0131l\u0131p do\u0308ku\u0308lmesi ya da dag\u0306\u0131lmas\u0131 psikoterapi ilis\u0327kisi ic\u0327erisinde tekrar ele al\u0131narak yeni bir ins\u0327a su\u0308recine o\u0308n ayak olur. Bu ruhsal yolculukta anlamland\u0131r\u0131lmaya c\u0327al\u0131s\u0327\u0131lan ruhsal malzemeden geriye baz\u0131 izler kal\u0131r. Kis\u0327i art\u0131k hem eskisi gibidir hem de o halinden bir hayli farkl\u0131las\u0327m\u0131s\u0327t\u0131r.<br \/><br \/>Bizi bu\u0308tu\u0308n k\u0131lan c\u0327atlaklar\u0131m\u0131z, yaralar\u0131m\u0131z, kusurlar\u0131m\u0131za temas edebilmek, bu izleri gizli ko\u0308s\u0327elerinden c\u0327\u0131kar\u0131p go\u0308ru\u0308nu\u0308r hale getirebilmek, is\u0327leyebilmek, anlamland\u0131r\u0131p yola devam edebilmek iyi bir psikoterapi su\u0308recinin habercisi denebilir. Dag\u0306\u0131lan parc\u0327alar\u0131 yap\u0131s\u0327t\u0131rmak, kolay olmasa da, zaman ic\u0327erisinde terapo\u0308tik ilis\u0327kinin iyiles\u0327tirici is\u0327leviyle kintsugi sanat\u0131ndaki alt\u0131n gibi bir arada tutmaya olanak tan\u0131yabilir. Ruhsal du\u0308nyam\u0131z\u0131 olus\u0327turan parc\u0327alar kaybedilmeden tas\u0327\u0131nmaya, izler takip edilip do\u0308nu\u0308s\u0327tu\u0308ru\u0308lmeye ve kendi hikayemizi sahiplenmemize imkan sa\u011flayabilir.<\/p>\t\t\t\t\t\t<\/div>\n\t\t\t\t<\/div>\n\t\t\t\t\t<\/div>\n\t\t<\/div>\n\t\t\t\t<div class=\"elementor-column elementor-col-50 elementor-top-column elementor-element elementor-element-f238e8d\" data-id=\"f238e8d\" data-element_type=\"column\">\n\t\t\t<div class=\"elementor-widget-wrap elementor-element-populated\">\n\t\t\t\t\t\t\t\t<div class=\"elementor-element elementor-element-f6475cf elementor-widget elementor-widget-image\" data-id=\"f6475cf\" data-element_type=\"widget\" data-widget_type=\"image.default\">\n\t\t\t\t<div class=\"elementor-widget-container\">\n\t\t\t<style>\/*! elementor - v3.16.0 - 17-10-2023 *\/\n.elementor-widget-image{text-align:center}.elementor-widget-image a{display:inline-block}.elementor-widget-image a img[src$=\".svg\"]{width:48px}.elementor-widget-image img{vertical-align:middle;display:inline-block}<\/style>\t\t\t\t\t\t\t\t\t\t\t\t<img loading=\"lazy\" decoding=\"async\" width=\"663\" height=\"829\" src=\"https:\/\/bilgekonuralp.com\/wp-content\/uploads\/2023\/10\/a004.jpg\" class=\"attachment-full size-full wp-image-1120\" alt=\"\" srcset=\"https:\/\/bilgekonuralp.com\/wp-content\/uploads\/2023\/10\/a004.jpg 663w, https:\/\/bilgekonuralp.com\/wp-content\/uploads\/2023\/10\/a004-240x300.jpg 240w\" sizes=\"auto, (max-width: 663px) 100vw, 663px\" \/>\t\t\t\t\t\t\t\t\t\t\t\t\t\t\t<\/div>\n\t\t\t\t<\/div>\n\t\t\t\t\t<\/div>\n\t\t<\/div>\n\t\t\t\t\t\t\t<\/div>\n\t\t<\/section>\n\t\t\t\t\t\t\t<\/div>\n\t\t","protected":false},"excerpt":{"rendered":"<p>Kintsugi sanat\u0131 \u00fczerinden psikoterapi Kintsugi, \u201ckin\u201d alt\u0131n ve \u201ctsugi\u201d birles\u0327tirmek kelimelerinin bir araya gelmesiyle ortaya c\u0327\u0131km\u0131s\u0327 tarihi 15. yy\u2019a dayanan bir Japon tamir sanat\u0131d\u0131r. Bu kelime parc\u0327alara ayr\u0131lm\u0131s\u0327 es\u0327yalar\u0131n alt\u0131n kullan\u0131larak bir araya getirildig\u0306i anlam\u0131n\u0131 tas\u0327\u0131yor. Bo\u0308ylece k\u0131r\u0131lm\u0131s\u0327 olan nesnelere yeni bir anlam ve amac\u0327 kazand\u0131r\u0131l\u0131yor. Psikoterapi su\u0308recini belki de en gu\u0308zel sembolize eden sanat [&hellip;]<\/p>\n","protected":false},"author":1,"featured_media":0,"parent":0,"menu_order":0,"comment_status":"closed","ping_status":"closed","template":"","meta":{"footnotes":""},"class_list":["post-501","page","type-page","status-publish","hentry","entry"],"aioseo_notices":[],"_links":{"self":[{"href":"https:\/\/bilgekonuralp.com\/index.php\/wp-json\/wp\/v2\/pages\/501","targetHints":{"allow":["GET"]}}],"collection":[{"href":"https:\/\/bilgekonuralp.com\/index.php\/wp-json\/wp\/v2\/pages"}],"about":[{"href":"https:\/\/bilgekonuralp.com\/index.php\/wp-json\/wp\/v2\/types\/page"}],"author":[{"embeddable":true,"href":"https:\/\/bilgekonuralp.com\/index.php\/wp-json\/wp\/v2\/users\/1"}],"replies":[{"embeddable":true,"href":"https:\/\/bilgekonuralp.com\/index.php\/wp-json\/wp\/v2\/comments?post=501"}],"version-history":[{"count":13,"href":"https:\/\/bilgekonuralp.com\/index.php\/wp-json\/wp\/v2\/pages\/501\/revisions"}],"predecessor-version":[{"id":1314,"href":"https:\/\/bilgekonuralp.com\/index.php\/wp-json\/wp\/v2\/pages\/501\/revisions\/1314"}],"wp:attachment":[{"href":"https:\/\/bilgekonuralp.com\/index.php\/wp-json\/wp\/v2\/media?parent=501"}],"curies":[{"name":"wp","href":"https:\/\/api.w.org\/{rel}","templated":true}]}}