{"id":406,"date":"2016-09-27T09:51:22","date_gmt":"2016-09-27T09:51:22","guid":{"rendered":"http:\/\/fitness2.mythemecloud.io\/?page_id=406"},"modified":"2023-10-25T07:41:11","modified_gmt":"2023-10-25T07:41:11","slug":"hakkimda","status":"publish","type":"page","link":"https:\/\/bilgekonuralp.com\/index.php\/hakkimda\/","title":{"rendered":"Studio"},"content":{"rendered":"\t\t<div data-elementor-type=\"wp-post\" data-elementor-id=\"406\" class=\"elementor elementor-406\">\n\t\t\t\t\t\t\t\t\t<section class=\"elementor-section elementor-top-section elementor-element elementor-element-ybrx6zd elementor-section-content-middle elementor-section-boxed elementor-section-height-default elementor-section-height-default\" data-id=\"ybrx6zd\" data-element_type=\"section\">\n\t\t\t\t\t\t<div class=\"elementor-container elementor-column-gap-default\">\n\t\t\t\t\t<div class=\"elementor-column elementor-col-100 elementor-top-column elementor-element elementor-element-r7gqrhq\" data-id=\"r7gqrhq\" data-element_type=\"column\">\n\t\t\t<div class=\"elementor-widget-wrap elementor-element-populated\">\n\t\t\t\t\t\t\t\t<div class=\"elementor-element elementor-element-bc80d6e elementor-widget elementor-widget-image\" data-id=\"bc80d6e\" data-element_type=\"widget\" data-widget_type=\"image.default\">\n\t\t\t\t<div class=\"elementor-widget-container\">\n\t\t\t<style>\/*! elementor - v3.16.0 - 17-10-2023 *\/\n.elementor-widget-image{text-align:center}.elementor-widget-image a{display:inline-block}.elementor-widget-image a img[src$=\".svg\"]{width:48px}.elementor-widget-image img{vertical-align:middle;display:inline-block}<\/style>\t\t\t\t\t\t\t\t\t\t\t\t<img loading=\"lazy\" decoding=\"async\" width=\"278\" height=\"300\" src=\"https:\/\/bilgekonuralp.com\/wp-content\/uploads\/2023\/10\/bilge_konuralp-1-278x300.jpg\" class=\"attachment-medium size-medium wp-image-1297\" alt=\"\" srcset=\"https:\/\/bilgekonuralp.com\/wp-content\/uploads\/2023\/10\/bilge_konuralp-1-278x300.jpg 278w, https:\/\/bilgekonuralp.com\/wp-content\/uploads\/2023\/10\/bilge_konuralp-1-947x1024.jpg 947w, https:\/\/bilgekonuralp.com\/wp-content\/uploads\/2023\/10\/bilge_konuralp-1-768x830.jpg 768w, https:\/\/bilgekonuralp.com\/wp-content\/uploads\/2023\/10\/bilge_konuralp-1-1421x1536.jpg 1421w, https:\/\/bilgekonuralp.com\/wp-content\/uploads\/2023\/10\/bilge_konuralp-1.jpg 1480w\" sizes=\"auto, (max-width: 278px) 100vw, 278px\" \/>\t\t\t\t\t\t\t\t\t\t\t\t\t\t\t<\/div>\n\t\t\t\t<\/div>\n\t\t\t\t<div class=\"elementor-element elementor-element-4c1d6f9 elementor-widget elementor-widget-heading\" data-id=\"4c1d6f9\" data-element_type=\"widget\" data-widget_type=\"heading.default\">\n\t\t\t\t<div class=\"elementor-widget-container\">\n\t\t\t<style>\/*! elementor - v3.16.0 - 17-10-2023 *\/\n.elementor-heading-title{padding:0;margin:0;line-height:1}.elementor-widget-heading .elementor-heading-title[class*=elementor-size-]>a{color:inherit;font-size:inherit;line-height:inherit}.elementor-widget-heading .elementor-heading-title.elementor-size-small{font-size:15px}.elementor-widget-heading .elementor-heading-title.elementor-size-medium{font-size:19px}.elementor-widget-heading .elementor-heading-title.elementor-size-large{font-size:29px}.elementor-widget-heading .elementor-heading-title.elementor-size-xl{font-size:39px}.elementor-widget-heading .elementor-heading-title.elementor-size-xxl{font-size:59px}<\/style><h1 class=\"elementor-heading-title elementor-size-default\">Bilge Konuralp<br><br>Klinik Psikolog \/ Psikoterapist<\/h1>\t\t<\/div>\n\t\t\t\t<\/div>\n\t\t\t\t<div class=\"elementor-element elementor-element-x4fpxui elementor-widget elementor-widget-text-editor\" data-id=\"x4fpxui\" data-element_type=\"widget\" data-widget_type=\"text-editor.default\">\n\t\t\t\t<div class=\"elementor-widget-container\">\n\t\t\t<style>\/*! elementor - v3.16.0 - 17-10-2023 *\/\n.elementor-widget-text-editor.elementor-drop-cap-view-stacked .elementor-drop-cap{background-color:#69727d;color:#fff}.elementor-widget-text-editor.elementor-drop-cap-view-framed .elementor-drop-cap{color:#69727d;border:3px solid;background-color:transparent}.elementor-widget-text-editor:not(.elementor-drop-cap-view-default) .elementor-drop-cap{margin-top:8px}.elementor-widget-text-editor:not(.elementor-drop-cap-view-default) .elementor-drop-cap-letter{width:1em;height:1em}.elementor-widget-text-editor .elementor-drop-cap{float:left;text-align:center;line-height:1;font-size:50px}.elementor-widget-text-editor .elementor-drop-cap-letter{display:inline-block}<\/style>\t\t\t\t<p>2014 y\u0131l\u0131nda Ko\u00e7 \u00dcniversitesi Psikoloji b\u00f6l\u00fcm\u00fcnden mezun oldum. Ard\u0131ndan psikanalitik-psikosomatik kuram \u00e7er\u00e7evesinde projektif testleri kullanarak yazd\u0131\u011f\u0131m &#8220;Yeti\u015fkin Ast\u0131m Vakalar\u0131n\u0131n Ruhsal \u0130\u015fleyi\u015finin De\u011ferlendirilmesi&#8221; ba\u015fl\u0131kl\u0131 tezimle Okan \u00dcniversitesi Klinik Psikoloji y\u00fcksek lisans (tezli) b\u00f6l\u00fcm\u00fcn\u00fc tamamlad\u0131m. Rorschach ve Projektif Testler Derne\u011fi&#8217;nden &#8220;Rorschach ve Tematik Alg\u0131 Testi&#8221; e\u011fitimlerini ald\u0131m ve dernek \u00fcyesiyim.<\/p>\n<p>Prof. Dr. Do\u011fan \u015eahin&#8217;in e\u011fitmeni oldu\u011fu ve \u00fc\u00e7 y\u0131l s\u00fcren &#8220;Dinamik Psikoterapi ve Ki\u015filik Bozukluklar\u0131&#8221; e\u011fitimini kuramsal ve uygulamal\u0131 olarak tamamlad\u0131m. \u015ei\u015fli Etfal E\u011fitim ve Ara\u015ft\u0131rma Hastanesi psikiyatri klini\u011finde ve Davran\u0131\u015f Bilimleri Enstit\u00fcs\u00fc\u2019nde stajlar yapt\u0131m. Uzun s\u00fcre psikiyatri uzman\u0131yla beraber \u00e7ok \u00e7e\u015fitli hasta gruplar\u0131yla \u00e7al\u0131\u015ft\u0131m ve bir\u00e7ok projektif test protokol\u00fc uygulama imkan\u0131 buldum. <\/p>\n<p>\u015eu anda \u0130stanbul Psikanaliz Derne\u011fi b\u00fcnyesindeki bir s\u00fcperviz\u00f6r e\u015fli\u011finde psikanalitik psikoterapi yakla\u015f\u0131m\u0131yla yeti\u015fkin odakl\u0131 bireysel klinik \u00e7al\u0131\u015fmalar\u0131ma devam etmekte, e\u015f zamanl\u0131 olarak kendi psikanaliz s\u00fcrecimden&nbsp;ge\u00e7mekteyim.<\/p>\t\t\t\t\t\t<\/div>\n\t\t\t\t<\/div>\n\t\t\t\t\t<\/div>\n\t\t<\/div>\n\t\t\t\t\t\t\t<\/div>\n\t\t<\/section>\n\t\t\t\t<section class=\"elementor-section elementor-top-section elementor-element elementor-element-qod0lr5 elementor-section-boxed elementor-section-height-default elementor-section-height-default\" data-id=\"qod0lr5\" data-element_type=\"section\">\n\t\t\t\t\t\t<div class=\"elementor-container elementor-column-gap-default\">\n\t\t\t\t\t<div class=\"elementor-column elementor-col-100 elementor-top-column elementor-element elementor-element-077q1uq\" data-id=\"077q1uq\" data-element_type=\"column\">\n\t\t\t<div class=\"elementor-widget-wrap elementor-element-populated\">\n\t\t\t\t\t\t\t\t<div class=\"elementor-element elementor-element-jigf8lk elementor-widget-divider--view-line elementor-widget elementor-widget-divider\" data-id=\"jigf8lk\" data-element_type=\"widget\" data-widget_type=\"divider.default\">\n\t\t\t\t<div class=\"elementor-widget-container\">\n\t\t\t<style>\/*! elementor - v3.16.0 - 17-10-2023 *\/\n.elementor-widget-divider{--divider-border-style:none;--divider-border-width:1px;--divider-color:#0c0d0e;--divider-icon-size:20px;--divider-element-spacing:10px;--divider-pattern-height:24px;--divider-pattern-size:20px;--divider-pattern-url:none;--divider-pattern-repeat:repeat-x}.elementor-widget-divider .elementor-divider{display:flex}.elementor-widget-divider .elementor-divider__text{font-size:15px;line-height:1;max-width:95%}.elementor-widget-divider .elementor-divider__element{margin:0 var(--divider-element-spacing);flex-shrink:0}.elementor-widget-divider .elementor-icon{font-size:var(--divider-icon-size)}.elementor-widget-divider .elementor-divider-separator{display:flex;margin:0;direction:ltr}.elementor-widget-divider--view-line_icon .elementor-divider-separator,.elementor-widget-divider--view-line_text .elementor-divider-separator{align-items:center}.elementor-widget-divider--view-line_icon .elementor-divider-separator:after,.elementor-widget-divider--view-line_icon .elementor-divider-separator:before,.elementor-widget-divider--view-line_text .elementor-divider-separator:after,.elementor-widget-divider--view-line_text .elementor-divider-separator:before{display:block;content:\"\";border-bottom:0;flex-grow:1;border-top:var(--divider-border-width) var(--divider-border-style) var(--divider-color)}.elementor-widget-divider--element-align-left .elementor-divider .elementor-divider-separator>.elementor-divider__svg:first-of-type{flex-grow:0;flex-shrink:100}.elementor-widget-divider--element-align-left .elementor-divider-separator:before{content:none}.elementor-widget-divider--element-align-left .elementor-divider__element{margin-left:0}.elementor-widget-divider--element-align-right .elementor-divider .elementor-divider-separator>.elementor-divider__svg:last-of-type{flex-grow:0;flex-shrink:100}.elementor-widget-divider--element-align-right .elementor-divider-separator:after{content:none}.elementor-widget-divider--element-align-right .elementor-divider__element{margin-right:0}.elementor-widget-divider:not(.elementor-widget-divider--view-line_text):not(.elementor-widget-divider--view-line_icon) .elementor-divider-separator{border-top:var(--divider-border-width) var(--divider-border-style) var(--divider-color)}.elementor-widget-divider--separator-type-pattern{--divider-border-style:none}.elementor-widget-divider--separator-type-pattern.elementor-widget-divider--view-line .elementor-divider-separator,.elementor-widget-divider--separator-type-pattern:not(.elementor-widget-divider--view-line) .elementor-divider-separator:after,.elementor-widget-divider--separator-type-pattern:not(.elementor-widget-divider--view-line) .elementor-divider-separator:before,.elementor-widget-divider--separator-type-pattern:not([class*=elementor-widget-divider--view]) .elementor-divider-separator{width:100%;min-height:var(--divider-pattern-height);-webkit-mask-size:var(--divider-pattern-size) 100%;mask-size:var(--divider-pattern-size) 100%;-webkit-mask-repeat:var(--divider-pattern-repeat);mask-repeat:var(--divider-pattern-repeat);background-color:var(--divider-color);-webkit-mask-image:var(--divider-pattern-url);mask-image:var(--divider-pattern-url)}.elementor-widget-divider--no-spacing{--divider-pattern-size:auto}.elementor-widget-divider--bg-round{--divider-pattern-repeat:round}.rtl .elementor-widget-divider .elementor-divider__text{direction:rtl}.e-con-inner>.elementor-widget-divider,.e-con>.elementor-widget-divider{width:var(--container-widget-width,100%);--flex-grow:var(--container-widget-flex-grow)}<\/style>\t\t<div class=\"elementor-divider\">\n\t\t\t<span class=\"elementor-divider-separator\">\n\t\t\t\t\t\t<\/span>\n\t\t<\/div>\n\t\t\t\t<\/div>\n\t\t\t\t<\/div>\n\t\t\t\t\t<\/div>\n\t\t<\/div>\n\t\t\t\t\t\t\t<\/div>\n\t\t<\/section>\n\t\t\t\t\t\t\t<\/div>\n\t\t","protected":false},"excerpt":{"rendered":"<p>Bilge Konuralp Klinik Psikolog \/ Psikoterapist 2014 y\u0131l\u0131nda Ko\u00e7 \u00dcniversitesi Psikoloji b\u00f6l\u00fcm\u00fcnden mezun oldum. Ard\u0131ndan psikanalitik-psikosomatik kuram \u00e7er\u00e7evesinde projektif testleri kullanarak yazd\u0131\u011f\u0131m &#8220;Yeti\u015fkin Ast\u0131m Vakalar\u0131n\u0131n Ruhsal \u0130\u015fleyi\u015finin De\u011ferlendirilmesi&#8221; ba\u015fl\u0131kl\u0131 tezimle Okan \u00dcniversitesi Klinik Psikoloji y\u00fcksek lisans (tezli) b\u00f6l\u00fcm\u00fcn\u00fc tamamlad\u0131m. Rorschach ve Projektif Testler Derne\u011fi&#8217;nden &#8220;Rorschach ve Tematik Alg\u0131 Testi&#8221; e\u011fitimlerini ald\u0131m ve dernek \u00fcyesiyim. Prof. [&hellip;]<\/p>\n","protected":false},"author":1,"featured_media":0,"parent":0,"menu_order":0,"comment_status":"closed","ping_status":"closed","template":"","meta":{"footnotes":""},"class_list":["post-406","page","type-page","status-publish","hentry","entry"],"aioseo_notices":[],"_links":{"self":[{"href":"https:\/\/bilgekonuralp.com\/index.php\/wp-json\/wp\/v2\/pages\/406","targetHints":{"allow":["GET"]}}],"collection":[{"href":"https:\/\/bilgekonuralp.com\/index.php\/wp-json\/wp\/v2\/pages"}],"about":[{"href":"https:\/\/bilgekonuralp.com\/index.php\/wp-json\/wp\/v2\/types\/page"}],"author":[{"embeddable":true,"href":"https:\/\/bilgekonuralp.com\/index.php\/wp-json\/wp\/v2\/users\/1"}],"replies":[{"embeddable":true,"href":"https:\/\/bilgekonuralp.com\/index.php\/wp-json\/wp\/v2\/comments?post=406"}],"version-history":[{"count":19,"href":"https:\/\/bilgekonuralp.com\/index.php\/wp-json\/wp\/v2\/pages\/406\/revisions"}],"predecessor-version":[{"id":1321,"href":"https:\/\/bilgekonuralp.com\/index.php\/wp-json\/wp\/v2\/pages\/406\/revisions\/1321"}],"wp:attachment":[{"href":"https:\/\/bilgekonuralp.com\/index.php\/wp-json\/wp\/v2\/media?parent=406"}],"curies":[{"name":"wp","href":"https:\/\/api.w.org\/{rel}","templated":true}]}}